{"id":4684,"date":"2025-05-06T20:26:23","date_gmt":"2025-05-06T11:26:23","guid":{"rendered":"https:\/\/ezhomecooking.net\/?page_id=4684"},"modified":"2025-05-06T20:26:25","modified_gmt":"2025-05-06T11:26:25","slug":"descargo-de-responsabilidad","status":"publish","type":"page","link":"https:\/\/ezhomecooking.net\/es\/descargo-de-responsabilidad\/","title":{"rendered":"Descargo de responsabilidad"},"content":{"rendered":"<div id=\"ez-toc-container\" class=\"ez-toc-v2_0_82_2 counter-hierarchy ez-toc-counter ez-toc-grey ez-toc-container-direction\">\n<div class=\"ez-toc-title-container\">\n<p class=\"ez-toc-title\" style=\"cursor:inherit\">\u00cdndice<\/p>\n<span class=\"ez-toc-title-toggle\"><a href=\"#\" class=\"ez-toc-pull-right ez-toc-btn ez-toc-btn-xs ez-toc-btn-default ez-toc-toggle\" aria-label=\"Alternar tabla de contenidos\"><span class=\"ez-toc-js-icon-con\"><span class=\"\"><span class=\"eztoc-hide\" style=\"display:none;\">Toggle<\/span><span class=\"ez-toc-icon-toggle-span\"><svg style=\"fill: #999;color:#999\" xmlns=\"http:\/\/www.w3.org\/2000\/svg\" class=\"list-377408\" width=\"20px\" height=\"20px\" viewbox=\"0 0 24 24\" fill=\"none\"><path d=\"M6 6H4v2h2V6zm14 0H8v2h12V6zM4 11h2v2H4v-2zm16 0H8v2h12v-2zM4 16h2v2H4v-2zm16 0H8v2h12v-2z\" fill=\"currentColor\"><\/path><\/svg><svg style=\"fill: #999;color:#999\" class=\"arrow-unsorted-368013\" xmlns=\"http:\/\/www.w3.org\/2000\/svg\" width=\"10px\" height=\"10px\" viewbox=\"0 0 24 24\" version=\"1.2\" baseprofile=\"tiny\"><path d=\"M18.2 9.3l-6.2-6.3-6.2 6.3c-.2.2-.3.4-.3.7s.1.5.3.7c.2.2.4.3.7.3h11c.3 0 .5-.1.7-.3.2-.2.3-.5.3-.7s-.1-.5-.3-.7zM5.8 14.7l6.2 6.3 6.2-6.3c.2-.2.3-.5.3-.7s-.1-.5-.3-.7c-.2-.2-.4-.3-.7-.3h-11c-.3 0-.5.1-.7.3-.2.2-.3.5-.3.7s.1.5.3.7z\"\/><\/svg><\/span><\/span><\/span><\/a><\/span><\/div>\n<nav><ul class='ez-toc-list ez-toc-list-level-1' ><li class='ez-toc-page-1 ez-toc-heading-level-2'><a class=\"ez-toc-link ez-toc-heading-1\" href=\"https:\/\/ezhomecooking.net\/es\/descargo-de-responsabilidad\/#%EB%A9%B4%EC%B1%85%EC%82%AC%ED%95%AD\" >Descargo de responsabilidad<\/a><ul class='ez-toc-list-level-3' ><li class='ez-toc-heading-level-3'><a class=\"ez-toc-link ez-toc-heading-2\" href=\"https:\/\/ezhomecooking.net\/es\/descargo-de-responsabilidad\/#1_%EA%B1%B4%EA%B0%95%EC%98%81%EC%96%91_%EA%B4%80%EB%A0%A8_%EC%A0%95%EB%B3%B4\" >1. informaci\u00f3n sobre salud y nutrici\u00f3n<\/a><\/li><li class='ez-toc-page-1 ez-toc-heading-level-3'><a class=\"ez-toc-link ez-toc-heading-3\" href=\"https:\/\/ezhomecooking.net\/es\/descargo-de-responsabilidad\/#2_%EC%A0%95%ED%99%95%EC%84%B1_%EB%B0%8F_%EC%B1%85%EC%9E%84\" >2. precisi\u00f3n y responsabilidad<\/a><\/li><li class='ez-toc-page-1 ez-toc-heading-level-3'><a class=\"ez-toc-link ez-toc-heading-4\" href=\"https:\/\/ezhomecooking.net\/es\/descargo-de-responsabilidad\/#3_%EA%B4%91%EA%B3%A0_%EB%B0%8F_%EC%A0%9C%ED%9C%B4\" >3. publicidad y asociaciones<\/a><\/li><\/ul><\/li><\/ul><\/nav><\/div>\n<h2 class=\"wp-block-heading\"><span class=\"ez-toc-section\" id=\"%EB%A9%B4%EC%B1%85%EC%82%AC%ED%95%AD\"><\/span>Descargo de responsabilidad<span class=\"ez-toc-section-end\"><\/span><\/h2>\n\n\n\n<p>\nEzhomecooking es un blog personal dedicado exclusivamente a compartir informaci\u00f3n sobre cocina. Esperamos que la siguiente informaci\u00f3n le resulte \u00fatil.\n<\/p>\n\n\n\n<h3 class=\"wp-block-heading\"><span class=\"ez-toc-section\" id=\"1_%EA%B1%B4%EA%B0%95%EC%98%81%EC%96%91_%EA%B4%80%EB%A0%A8_%EC%A0%95%EB%B3%B4\"><\/span>1. informaci\u00f3n sobre salud y nutrici\u00f3n<span class=\"ez-toc-section-end\"><\/span><\/h3>\n\n\n\n<p>\nTodas las recetas publicadas en este blog se basan en la experiencia culinaria personal y en fuentes de referencia. Los beneficios para la salud o la informaci\u00f3n nutricional de un alimento concreto no sustituyen el asesoramiento m\u00e9dico profesional.\n<\/p>\n\n\n\n<h3 class=\"wp-block-heading\"><span class=\"ez-toc-section\" id=\"2_%EC%A0%95%ED%99%95%EC%84%B1_%EB%B0%8F_%EC%B1%85%EC%9E%84\"><\/span>2. precisi\u00f3n y responsabilidad<span class=\"ez-toc-section-end\"><\/span><\/h3>\n\n\n\n<p>\nAunque nos esforzamos por ofrecer informaci\u00f3n lo m\u00e1s precisa posible, puede haber algunos errores tipogr\u00e1ficos o falta de informaci\u00f3n. Toda la informaci\u00f3n contenida en el blog debe utilizarse a discreci\u00f3n del usuario, y Ezhomecooking no se hace responsable de ninguna consecuencia.\n<\/p>\n\n\n\n<h3 class=\"wp-block-heading\"><span class=\"ez-toc-section\" id=\"3_%EA%B4%91%EA%B3%A0_%EB%B0%8F_%EC%A0%9C%ED%9C%B4\"><\/span>3. publicidad y asociaciones<span class=\"ez-toc-section-end\"><\/span><\/h3>\n\n\n\n<p>\nEste blog participa en programas publicitarios como AdSense, y algunos contenidos pueden contener enlaces de afiliados. Si realiza una compra a trav\u00e9s de estos enlaces, el propietario del blog puede recibir una peque\u00f1a comisi\u00f3n, pero esto no afecta a su precio ni a su compra.\n<\/p>","protected":false},"excerpt":{"rendered":"<p>Descargo de responsabilidad Ezhomecooking es un blog personal destinado exclusivamente a compartir informaci\u00f3n culinaria. Por favor, lea las siguientes cl\u00e1usulas de exenci\u00f3n de responsabilidad para no ser enga\u00f1ado. 1. Informaci\u00f3n sobre salud\/nutrici\u00f3n Todas las recetas publicadas en este blog se basan en mi experiencia y referencias culinarias personales. La informaci\u00f3n sobre salud y nutrici\u00f3n no sustituye el asesoramiento m\u00e9dico profesional. 2. Precisi\u00f3n y responsabilidad Aunque intento proporcionar la informaci\u00f3n m\u00e1s precisa posible, es posible que se produzcan... <a title=\"Descargo de responsabilidad\" class=\"read-more\" href=\"https:\/\/ezhomecooking.net\/es\/descargo-de-responsabilidad\/\" aria-label=\"Leer m\u00e1s sobre Aviso legal\">Leer m\u00e1s<\/a><\/p>","protected":false},"author":1,"featured_media":0,"parent":0,"menu_order":0,"comment_status":"closed","ping_status":"closed","template":"","meta":{"wprm-recipe-roundup-name":"","wprm-recipe-roundup-description":"","footnotes":""},"class_list":["post-4684","page","type-page","status-publish"],"jetpack_sharing_enabled":true,"_links":{"self":[{"href":"https:\/\/ezhomecooking.net\/es\/wp-json\/wp\/v2\/pages\/4684","targetHints":{"allow":["GET"]}}],"collection":[{"href":"https:\/\/ezhomecooking.net\/es\/wp-json\/wp\/v2\/pages"}],"about":[{"href":"https:\/\/ezhomecooking.net\/es\/wp-json\/wp\/v2\/types\/page"}],"author":[{"embeddable":true,"href":"https:\/\/ezhomecooking.net\/es\/wp-json\/wp\/v2\/users\/1"}],"replies":[{"embeddable":true,"href":"https:\/\/ezhomecooking.net\/es\/wp-json\/wp\/v2\/comments?post=4684"}],"version-history":[{"count":0,"href":"https:\/\/ezhomecooking.net\/es\/wp-json\/wp\/v2\/pages\/4684\/revisions"}],"wp:attachment":[{"href":"https:\/\/ezhomecooking.net\/es\/wp-json\/wp\/v2\/media?parent=4684"}],"curies":[{"name":"wp","href":"https:\/\/api.w.org\/{rel}","templated":true}]}}