{"id":4682,"date":"2025-05-06T20:25:15","date_gmt":"2025-05-06T11:25:15","guid":{"rendered":"https:\/\/ezhomecooking.net\/?page_id=4682"},"modified":"2025-05-06T20:25:18","modified_gmt":"2025-05-06T11:25:18","slug":"politica-de-privacidad","status":"publish","type":"page","link":"https:\/\/ezhomecooking.net\/es\/politica-de-privacidad\/","title":{"rendered":"Pol\u00edtica de privacidad"},"content":{"rendered":"<div id=\"ez-toc-container\" class=\"ez-toc-v2_0_82_2 counter-hierarchy ez-toc-counter ez-toc-grey ez-toc-container-direction\">\n<div class=\"ez-toc-title-container\">\n<p class=\"ez-toc-title\" style=\"cursor:inherit\">\u00cdndice<\/p>\n<span class=\"ez-toc-title-toggle\"><a href=\"#\" class=\"ez-toc-pull-right ez-toc-btn ez-toc-btn-xs ez-toc-btn-default ez-toc-toggle\" aria-label=\"Alternar tabla de contenidos\"><span class=\"ez-toc-js-icon-con\"><span class=\"\"><span class=\"eztoc-hide\" style=\"display:none;\">Toggle<\/span><span class=\"ez-toc-icon-toggle-span\"><svg style=\"fill: #999;color:#999\" xmlns=\"http:\/\/www.w3.org\/2000\/svg\" class=\"list-377408\" width=\"20px\" height=\"20px\" viewbox=\"0 0 24 24\" fill=\"none\"><path d=\"M6 6H4v2h2V6zm14 0H8v2h12V6zM4 11h2v2H4v-2zm16 0H8v2h12v-2zM4 16h2v2H4v-2zm16 0H8v2h12v-2z\" fill=\"currentColor\"><\/path><\/svg><svg style=\"fill: #999;color:#999\" class=\"arrow-unsorted-368013\" xmlns=\"http:\/\/www.w3.org\/2000\/svg\" width=\"10px\" height=\"10px\" viewbox=\"0 0 24 24\" version=\"1.2\" baseprofile=\"tiny\"><path d=\"M18.2 9.3l-6.2-6.3-6.2 6.3c-.2.2-.3.4-.3.7s.1.5.3.7c.2.2.4.3.7.3h11c.3 0 .5-.1.7-.3.2-.2.3-.5.3-.7s-.1-.5-.3-.7zM5.8 14.7l6.2 6.3 6.2-6.3c.2-.2.3-.5.3-.7s-.1-.5-.3-.7c-.2-.2-.4-.3-.7-.3h-11c-.3 0-.5.1-.7.3-.2.2-.3.5-.3.7s.1.5.3.7z\"\/><\/svg><\/span><\/span><\/span><\/a><\/span><\/div>\n<nav><ul class='ez-toc-list ez-toc-list-level-1' ><li class='ez-toc-page-1 ez-toc-heading-level-2'><a class=\"ez-toc-link ez-toc-heading-1\" href=\"https:\/\/ezhomecooking.net\/es\/politica-de-privacidad\/#%EA%B0%9C%EC%9D%B8%EC%A0%95%EB%B3%B4_%EC%B2%98%EB%A6%AC%EB%B0%A9%EC%B9%A8\" >Pol\u00edtica de privacidad<\/a><ul class='ez-toc-list-level-3' ><li class='ez-toc-heading-level-3'><a class=\"ez-toc-link ez-toc-heading-2\" href=\"https:\/\/ezhomecooking.net\/es\/politica-de-privacidad\/#1_%EC%88%98%EC%A7%91%ED%95%98%EB%8A%94_%EA%B0%9C%EC%9D%B8%EC%A0%95%EB%B3%B4_%ED%95%AD%EB%AA%A9\" >1. qu\u00e9 datos personales recogemos<\/a><\/li><li class='ez-toc-page-1 ez-toc-heading-level-3'><a class=\"ez-toc-link ez-toc-heading-3\" href=\"https:\/\/ezhomecooking.net\/es\/politica-de-privacidad\/#2_%EA%B0%9C%EC%9D%B8%EC%A0%95%EB%B3%B4%EC%9D%98_%EC%9D%B4%EC%9A%A9_%EB%AA%A9%EC%A0%81\" >2. fines del uso de la informaci\u00f3n personal<\/a><\/li><li class='ez-toc-page-1 ez-toc-heading-level-3'><a class=\"ez-toc-link ez-toc-heading-4\" href=\"https:\/\/ezhomecooking.net\/es\/politica-de-privacidad\/#3_%EC%BF%A0%ED%82%A4_%EC%82%AC%EC%9A%A9_%EC%95%88%EB%82%B4\" >3. C\u00f3mo utilizamos las cookies<\/a><\/li><li class='ez-toc-page-1 ez-toc-heading-level-3'><a class=\"ez-toc-link ez-toc-heading-5\" href=\"https:\/\/ezhomecooking.net\/es\/politica-de-privacidad\/#4_%EC%99%B8%EB%B6%80_%EB%A7%81%ED%81%AC_%EB%B0%8F_%EC%BD%98%ED%85%90%EC%B8%A0\" >4. enlaces y contenidos externos<\/a><\/li><li class='ez-toc-page-1 ez-toc-heading-level-3'><a class=\"ez-toc-link ez-toc-heading-6\" href=\"https:\/\/ezhomecooking.net\/es\/politica-de-privacidad\/#5_%EB%AC%B8%EC%9D%98\" >5. p\u00f3ngase en contacto con nosotros<\/a><\/li><\/ul><\/li><\/ul><\/nav><\/div>\n<h2 class=\"wp-block-heading\"><span class=\"ez-toc-section\" id=\"%EA%B0%9C%EC%9D%B8%EC%A0%95%EB%B3%B4_%EC%B2%98%EB%A6%AC%EB%B0%A9%EC%B9%A8\"><\/span>Pol\u00edtica de privacidad<span class=\"ez-toc-section-end\"><\/span><\/h2>\n\n\n\n<p>\nEzhomecooking respeta la privacidad de nuestros visitantes y a continuaci\u00f3n le explicamos c\u00f3mo recopilamos y utilizamos su informaci\u00f3n personal. Este blog s\u00f3lo tiene fines informativos y no recoge ni utiliza directamente informaci\u00f3n personal con fines comerciales.\n<\/p>\n\n\n\n<h3 class=\"wp-block-heading\"><span class=\"ez-toc-section\" id=\"1_%EC%88%98%EC%A7%91%ED%95%98%EB%8A%94_%EA%B0%9C%EC%9D%B8%EC%A0%95%EB%B3%B4_%ED%95%AD%EB%AA%A9\"><\/span>1. qu\u00e9 datos personales recogemos<span class=\"ez-toc-section-end\"><\/span><\/h3>\n\n\n\n<p>\n- Si deja un comentario en el blog: nombre, direcci\u00f3n de correo electr\u00f3nico, direcci\u00f3n IP<br>\n- Al utilizar herramientas estad\u00edsticas como Google Analytics: Historial de visitas anonimizado\n<\/p>\n\n\n\n<h3 class=\"wp-block-heading\"><span class=\"ez-toc-section\" id=\"2_%EA%B0%9C%EC%9D%B8%EC%A0%95%EB%B3%B4%EC%9D%98_%EC%9D%B4%EC%9A%A9_%EB%AA%A9%EC%A0%81\"><\/span>2. fines del uso de la informaci\u00f3n personal<span class=\"ez-toc-section-end\"><\/span><\/h3>\n\n\n\n<p>\n- Moderaci\u00f3n de comentarios y prevenci\u00f3n del spam<br>\n- An\u00e1lisis de las estad\u00edsticas de visitas para mejorar la usabilidad del blog\n<\/p>\n\n\n\n<h3 class=\"wp-block-heading\"><span class=\"ez-toc-section\" id=\"3_%EC%BF%A0%ED%82%A4_%EC%82%AC%EC%9A%A9_%EC%95%88%EB%82%B4\"><\/span>3. C\u00f3mo utilizamos las cookies<span class=\"ez-toc-section-end\"><\/span><\/h3>\n\n\n\n<p>\nEste blog puede utilizar cookies para almacenar informaci\u00f3n b\u00e1sica sobre usted (como la hora de su visita, el tipo de navegador, etc.). Esto se utiliza para mejorar nuestro servicio, y usted puede negarse a almacenar cookies a trav\u00e9s de la configuraci\u00f3n de su navegador si no lo desea.\n<\/p>\n\n\n\n<h3 class=\"wp-block-heading\"><span class=\"ez-toc-section\" id=\"4_%EC%99%B8%EB%B6%80_%EB%A7%81%ED%81%AC_%EB%B0%8F_%EC%BD%98%ED%85%90%EC%B8%A0\"><\/span>4. enlaces y contenidos externos<span class=\"ez-toc-section-end\"><\/span><\/h3>\n\n\n\n<p>\nEl texto puede contener enlaces a sitios web externos, cuyas pol\u00edticas de privacidad son independientes de Ezhomecooking.\n<\/p>\n\n\n\n<h3 class=\"wp-block-heading\"><span class=\"ez-toc-section\" id=\"5_%EB%AC%B8%EC%9D%98\"><\/span>5. p\u00f3ngase en contacto con nosotros<span class=\"ez-toc-section-end\"><\/span><\/h3>\n\n\n\n<p>Si tiene alguna pregunta sobre su privacidad, p\u00f3ngase en contacto con nosotros a trav\u00e9s del correo electr\u00f3nico que figura a continuaci\u00f3n.<br><a href=\"mailto:kickdkj7@naver.com\" target=\"_blank\" rel=\"noreferrer noopener\">kickdkj7@naver.com<\/a><\/p>","protected":false},"excerpt":{"rendered":"<p>Pol\u00edtica de privacidad Ezhomecooking respeta la privacidad de nuestros visitantes y a continuaci\u00f3n le explicamos c\u00f3mo recopilamos y utilizamos su informaci\u00f3n personal. Este blog s\u00f3lo tiene fines informativos y no recopila ni utiliza directamente informaci\u00f3n personal con fines comerciales. 1. Informaci\u00f3n personal recopilada - Al dejar comentarios en el blog: nombre, direcci\u00f3n de correo electr\u00f3nico, direcci\u00f3n IP - Al utilizar herramientas estad\u00edsticas como Google Analytics: Registros de visitas anonimizados 2. Para qu\u00e9 utilizamos su informaci\u00f3n personal - ... <a title=\"Pol\u00edtica de privacidad\" class=\"read-more\" href=\"https:\/\/ezhomecooking.net\/es\/politica-de-privacidad\/\" aria-label=\"Leer m\u00e1s sobre Pol\u00edtica de privacidad\">Leer m\u00e1s<\/a><\/p>","protected":false},"author":1,"featured_media":0,"parent":0,"menu_order":0,"comment_status":"closed","ping_status":"closed","template":"","meta":{"wprm-recipe-roundup-name":"","wprm-recipe-roundup-description":"","footnotes":""},"class_list":["post-4682","page","type-page","status-publish"],"jetpack_sharing_enabled":true,"_links":{"self":[{"href":"https:\/\/ezhomecooking.net\/es\/wp-json\/wp\/v2\/pages\/4682","targetHints":{"allow":["GET"]}}],"collection":[{"href":"https:\/\/ezhomecooking.net\/es\/wp-json\/wp\/v2\/pages"}],"about":[{"href":"https:\/\/ezhomecooking.net\/es\/wp-json\/wp\/v2\/types\/page"}],"author":[{"embeddable":true,"href":"https:\/\/ezhomecooking.net\/es\/wp-json\/wp\/v2\/users\/1"}],"replies":[{"embeddable":true,"href":"https:\/\/ezhomecooking.net\/es\/wp-json\/wp\/v2\/comments?post=4682"}],"version-history":[{"count":0,"href":"https:\/\/ezhomecooking.net\/es\/wp-json\/wp\/v2\/pages\/4682\/revisions"}],"wp:attachment":[{"href":"https:\/\/ezhomecooking.net\/es\/wp-json\/wp\/v2\/media?parent=4682"}],"curies":[{"name":"wp","href":"https:\/\/api.w.org\/{rel}","templated":true}]}}